{"id":541,"date":"2018-11-27T09:17:08","date_gmt":"2018-11-27T09:17:08","guid":{"rendered":"https:\/\/melaniepico.com\/index.php\/about\/"},"modified":"2023-09-27T15:49:36","modified_gmt":"2023-09-27T13:49:36","slug":"about","status":"publish","type":"page","link":"https:\/\/melaniepico.com\/index.php\/about\/","title":{"rendered":"About"},"content":{"rendered":"\t\t<div data-elementor-type=\"wp-post\" data-elementor-id=\"541\" class=\"elementor elementor-541\" data-elementor-post-type=\"page\">\n\t\t\t\t<div class=\"elementor-element elementor-element-723c0ca e-flex e-con-boxed e-con e-parent\" data-id=\"723c0ca\" data-element_type=\"container\" data-settings=\"{&quot;background_background&quot;:&quot;classic&quot;}\">\n\t\t\t\t\t<div class=\"e-con-inner\">\n\t\t\t\t<div class=\"elementor-element elementor-element-d4a7408 elementor-widget elementor-widget-heading\" data-id=\"d4a7408\" data-element_type=\"widget\" data-widget_type=\"heading.default\">\n\t\t\t\t<div class=\"elementor-widget-container\">\n\t\t\t\t\t<h2 class=\"elementor-heading-title elementor-size-default\">A propos de moi<\/h2>\t\t\t\t<\/div>\n\t\t\t\t<\/div>\n\t\t\t\t\t<\/div>\n\t\t\t\t<\/div>\n\t\t<div class=\"elementor-element elementor-element-f0adec2 e-flex e-con-boxed e-con e-parent\" data-id=\"f0adec2\" data-element_type=\"container\" data-settings=\"{&quot;background_background&quot;:&quot;classic&quot;}\">\n\t\t\t\t\t<div class=\"e-con-inner\">\n\t\t<div class=\"elementor-element elementor-element-9afd8ce e-con-full e-flex e-con e-child\" data-id=\"9afd8ce\" data-element_type=\"container\">\n\t\t\t\t<div class=\"elementor-element elementor-element-dfe4412 elementor-widget elementor-widget-heading\" data-id=\"dfe4412\" data-element_type=\"widget\" data-widget_type=\"heading.default\">\n\t\t\t\t<div class=\"elementor-widget-container\">\n\t\t\t\t\t<h2 class=\"elementor-heading-title elementor-size-default\">Salut, Je m'appelle M\u00e9lanie !<\/h2>\t\t\t\t<\/div>\n\t\t\t\t<\/div>\n\t\t\t\t<div class=\"elementor-element elementor-element-20c99c9 elementor-widget-divider--view-line elementor-widget elementor-widget-divider\" data-id=\"20c99c9\" data-element_type=\"widget\" data-widget_type=\"divider.default\">\n\t\t\t\t<div class=\"elementor-widget-container\">\n\t\t\t\t\t\t\t<div class=\"elementor-divider\">\n\t\t\t<span class=\"elementor-divider-separator\">\n\t\t\t\t\t\t<\/span>\n\t\t<\/div>\n\t\t\t\t\t\t<\/div>\n\t\t\t\t<\/div>\n\t\t\t\t<div class=\"elementor-element elementor-element-5689031 elementor-widget elementor-widget-text-editor\" data-id=\"5689031\" data-element_type=\"widget\" data-widget_type=\"text-editor.default\">\n\t\t\t\t<div class=\"elementor-widget-container\">\n\t\t\t\t\t\t\t\t\t<p>Je suis une grande curieuse de 28 ans. Dipl\u00f4m\u00e9e en psychologie et passionn\u00e9e d\u2019arts cr\u00e9atifs (Photographie, dessin, peinture pour ne citer qu\u2019eux), je suis une v\u00e9ritable touche-\u00e0-tout qui voit le monde comme un terrain de jeu et d\u2019expression.<\/p><p>Aventuri\u00e8re dans l&rsquo;\u00e2me, j\u2019adore parcourir les sentiers fran\u00e7ais et europ\u00e9ens pour capturer la beaut\u00e9 du monde qui nous entoure. Le sport, la danse et l\u2019\u00e9criture sont mes v\u00e9ritables passions, j&rsquo;aime relever des d\u00e9fis tout en savourant la tranquillit\u00e9.<\/p><p>Il y a quelques mois, j&rsquo;ai d\u00e9cid\u00e9 de quitter le monde salarial pour me lancer dans une nouvelle aventure. Je souhaite partager mes exp\u00e9riences, mes d\u00e9couvertes et mes conseils \u00e0 travers ce blog et ces photos, en esp\u00e9rant inspirer d&rsquo;autres passionn\u00e9s de voyage et de nature.<\/p><p>Rejoignez-moi dans cette aventure et d\u00e9couvrons ensemble les merveilles que le monde a \u00e0 offrir !<\/p>\t\t\t\t\t\t\t\t<\/div>\n\t\t\t\t<\/div>\n\t\t\t\t<div class=\"elementor-element elementor-element-d17493f elementor-align-center elementor-widget elementor-widget-button\" data-id=\"d17493f\" data-element_type=\"widget\" data-widget_type=\"button.default\">\n\t\t\t\t<div class=\"elementor-widget-container\">\n\t\t\t\t\t\t\t\t\t<div class=\"elementor-button-wrapper\">\n\t\t\t\t\t<a class=\"elementor-button elementor-button-link elementor-size-sm\" href=\"https:\/\/melaniepico.com\/index.php\/contact\/\">\n\t\t\t\t\t\t<span class=\"elementor-button-content-wrapper\">\n\t\t\t\t\t\t\t\t\t<span class=\"elementor-button-text\">Let's Keep in touch ! <\/span>\n\t\t\t\t\t<\/span>\n\t\t\t\t\t<\/a>\n\t\t\t\t<\/div>\n\t\t\t\t\t\t\t\t<\/div>\n\t\t\t\t<\/div>\n\t\t\t\t<\/div>\n\t\t\t\t\t<\/div>\n\t\t\t\t<\/div>\n\t\t\t\t<\/div>\n\t\t","protected":false},"excerpt":{"rendered":"<p>A propos de moi Salut, Je m&rsquo;appelle M\u00e9lanie ! Je suis une grande curieuse de 28 ans. Dipl\u00f4m\u00e9e en psychologie et passionn\u00e9e d\u2019arts cr\u00e9atifs (Photographie, dessin, peinture pour ne citer qu\u2019eux), je suis une v\u00e9ritable touche-\u00e0-tout qui voit le monde comme un terrain de jeu et d\u2019expression. Aventuri\u00e8re dans l&rsquo;\u00e2me, j\u2019adore parcourir les sentiers fran\u00e7ais &hellip;<\/p>\n<p class=\"read-more\"> <a class=\"\" href=\"https:\/\/melaniepico.com\/index.php\/about\/\"> <span class=\"screen-reader-text\">About<\/span> Lire la suite\u00a0\u00bb<\/a><\/p>\n","protected":false},"author":1,"featured_media":0,"parent":0,"menu_order":0,"comment_status":"closed","ping_status":"closed","template":"","meta":{"_uag_custom_page_level_css":"","site-sidebar-layout":"no-sidebar","site-content-layout":"page-builder","ast-site-content-layout":"","site-content-style":"default","site-sidebar-style":"default","ast-global-header-display":"","ast-banner-title-visibility":"","ast-main-header-display":"","ast-hfb-above-header-display":"","ast-hfb-below-header-display":"","ast-hfb-mobile-header-display":"","site-post-title":"disabled","ast-breadcrumbs-content":"","ast-featured-img":"disabled","footer-sml-layout":"","theme-transparent-header-meta":"enabled","adv-header-id-meta":"","stick-header-meta":"","header-above-stick-meta":"","header-main-stick-meta":"","header-below-stick-meta":"","astra-migrate-meta-layouts":"","ast-page-background-enabled":"default","ast-page-background-meta":{"desktop":{"background-color":"","background-image":"","background-repeat":"repeat","background-position":"center center","background-size":"auto","background-attachment":"scroll","background-type":"","background-media":"","overlay-type":"","overlay-color":"","overlay-gradient":""},"tablet":{"background-color":"","background-image":"","background-repeat":"repeat","background-position":"center center","background-size":"auto","background-attachment":"scroll","background-type":"","background-media":"","overlay-type":"","overlay-color":"","overlay-gradient":""},"mobile":{"background-color":"","background-image":"","background-repeat":"repeat","background-position":"center center","background-size":"auto","background-attachment":"scroll","background-type":"","background-media":"","overlay-type":"","overlay-color":"","overlay-gradient":""}},"ast-content-background-meta":{"desktop":{"background-color":"var(--ast-global-color-5)","background-image":"","background-repeat":"repeat","background-position":"center center","background-size":"auto","background-attachment":"scroll","background-type":"","background-media":"","overlay-type":"","overlay-color":"","overlay-gradient":""},"tablet":{"background-color":"var(--ast-global-color-5)","background-image":"","background-repeat":"repeat","background-position":"center center","background-size":"auto","background-attachment":"scroll","background-type":"","background-media":"","overlay-type":"","overlay-color":"","overlay-gradient":""},"mobile":{"background-color":"var(--ast-global-color-5)","background-image":"","background-repeat":"repeat","background-position":"center center","background-size":"auto","background-attachment":"scroll","background-type":"","background-media":"","overlay-type":"","overlay-color":"","overlay-gradient":""}},"footnotes":"","_vp_format_video_url":"","_vp_image_focal_point":[]},"uagb_featured_image_src":{"full":false,"thumbnail":false,"medium":false,"medium_large":false,"large":false,"1536x1536":false,"2048x2048":false,"vp_sm":false,"vp_md":false,"vp_lg":false,"vp_xl":false,"vp_sm_popup":false,"vp_md_popup":false,"vp_xl_popup":false},"uagb_author_info":{"display_name":"mel.lucoles","author_link":"https:\/\/melaniepico.com\/index.php\/author\/mel-lucoles\/"},"uagb_comment_info":0,"uagb_excerpt":"A propos de moi Salut, Je m&rsquo;appelle M\u00e9lanie ! Je suis une grande curieuse de 28 ans. Dipl\u00f4m\u00e9e en psychologie et passionn\u00e9e d\u2019arts cr\u00e9atifs (Photographie, dessin, peinture pour ne citer qu\u2019eux), je suis une v\u00e9ritable touche-\u00e0-tout qui voit le monde comme un terrain de jeu et d\u2019expression. Aventuri\u00e8re dans l&rsquo;\u00e2me, j\u2019adore parcourir les sentiers fran\u00e7ais\u2026","_links":{"self":[{"href":"https:\/\/melaniepico.com\/index.php\/wp-json\/wp\/v2\/pages\/541"}],"collection":[{"href":"https:\/\/melaniepico.com\/index.php\/wp-json\/wp\/v2\/pages"}],"about":[{"href":"https:\/\/melaniepico.com\/index.php\/wp-json\/wp\/v2\/types\/page"}],"author":[{"embeddable":true,"href":"https:\/\/melaniepico.com\/index.php\/wp-json\/wp\/v2\/users\/1"}],"replies":[{"embeddable":true,"href":"https:\/\/melaniepico.com\/index.php\/wp-json\/wp\/v2\/comments?post=541"}],"version-history":[{"count":31,"href":"https:\/\/melaniepico.com\/index.php\/wp-json\/wp\/v2\/pages\/541\/revisions"}],"predecessor-version":[{"id":1136,"href":"https:\/\/melaniepico.com\/index.php\/wp-json\/wp\/v2\/pages\/541\/revisions\/1136"}],"wp:attachment":[{"href":"https:\/\/melaniepico.com\/index.php\/wp-json\/wp\/v2\/media?parent=541"}],"curies":[{"name":"wp","href":"https:\/\/api.w.org\/{rel}","templated":true}]}}